{"id":1002,"date":"2025-06-21T15:19:05","date_gmt":"2025-06-21T15:19:05","guid":{"rendered":"https:\/\/laboratoiredocteurzac.pro\/?page_id=1002"},"modified":"2025-06-21T15:44:24","modified_gmt":"2025-06-21T15:44:24","slug":"projet3","status":"publish","type":"page","link":"https:\/\/laboratoiretopsecret.pro\/?page_id=1002","title":{"rendered":"Projet 3"},"content":{"rendered":"\t\t<div data-elementor-type=\"wp-page\" data-elementor-id=\"1002\" class=\"elementor elementor-1002\" data-elementor-post-type=\"page\">\n\t\t\t\t\t\t<section class=\"elementor-section elementor-top-section elementor-element elementor-element-f6750cf elementor-section-boxed elementor-section-height-default elementor-section-height-default\" data-id=\"f6750cf\" data-element_type=\"section\">\n\t\t\t\t\t\t<div class=\"elementor-container elementor-column-gap-default\">\n\t\t\t\t\t<div class=\"elementor-column elementor-col-100 elementor-top-column elementor-element elementor-element-6ce208e\" data-id=\"6ce208e\" data-element_type=\"column\">\n\t\t\t<div class=\"elementor-widget-wrap elementor-element-populated\">\n\t\t\t\t\t\t<div class=\"elementor-element elementor-element-1788c7a elementor-widget elementor-widget-gva-heading-block\" data-id=\"1788c7a\" data-element_type=\"widget\" data-widget_type=\"gva-heading-block.default\">\n\t\t\t\t<div class=\"elementor-widget-container\">\n\t\t\t\t\t<div class=\"gva-element-gva-heading-block gva-element\">   <div class=\"align-center style-2 widget gsc-heading box-align-left auto-responsive\">\r\n      <div class=\"content-inner\">\r\n         \r\n                  \r\n         <div class=\"sub-title\"><span class=\"tagline\">Titre<\/span><\/div>  \r\n         \r\n                     <h2 class=\"title\">\r\n               <span>D\u00e9veloppement de techniques de nettoyage chimique innovantes<\/span>\r\n            <\/h2>\r\n                  \r\n         \r\n         \r\n      <\/div>\r\n   <\/div>\r\n<\/div>\t\t\t\t<\/div>\n\t\t\t\t<\/div>\n\t\t\t\t<div class=\"elementor-element elementor-element-a9d830c elementor-widget elementor-widget-text-editor\" data-id=\"a9d830c\" data-element_type=\"widget\" data-widget_type=\"text-editor.default\">\n\t\t\t\t<div class=\"elementor-widget-container\">\n\t\t\t\t\t\t\t\t\t<p><strong>Objectif :<\/strong> Notre projet visait \u00e0 d\u00e9velopper des techniques de nettoyage chimique efficaces et respectueuses de l&#8217;environnement pour diverses applications industrielles. Nous avons cherch\u00e9 \u00e0 am\u00e9liorer les m\u00e9thodes existantes et \u00e0 en cr\u00e9er de nouvelles pour r\u00e9pondre aux besoins sp\u00e9cifiques de nos clients.<\/p><p><strong>M\u00e9thodes :<\/strong> Nous avons \u00e9tudi\u00e9 diff\u00e9rentes formulations chimiques et avons \u00e9valu\u00e9 leur efficacit\u00e9 pour \u00e9liminer les contaminants et les r\u00e9sidus sur diverses surfaces ou notes. Nous avons \u00e9galement pris en compte les aspects environnementaux et de s\u00e9curit\u00e9 dans le d\u00e9veloppement de ces techniques.<\/p><p><strong>R\u00e9sultats :<\/strong> Les r\u00e9sultats montrent que les techniques de nettoyage de notes que nous avons d\u00e9velopp\u00e9es sont hautement efficaces pour \u00e9liminer les contaminants tout en minimisant l&#8217;impact sur vos notes. Ces techniques pourraient \u00eatre appliqu\u00e9es dans diverses types de traitements, telles que la duplication de notes de banque, l\u2019extraction de particule, l\u2019infiltration mol\u00e9culaire et le nettoyage direct de notes de banque macul\u00e9es<\/p><p><strong>Avantages :<\/strong> Les techniques d\u00e9velopp\u00e9es offrent plusieurs avantages, notamment une meilleure efficacit\u00e9 de nettoyage, une r\u00e9duction de l&#8217;utilisation de produits chimiques nocifs et une diminution des co\u00fbts de maintenance.<\/p><p><strong>Applications potentielles :<\/strong> Ces techniques pourraient \u00eatre utilis\u00e9es pour nettoyer des \u00e9quipements industriels, des notes sensibles et des notes critiques, contribuant ainsi \u00e0 am\u00e9liorer la qualit\u00e9 des produits et \u00e0 prolonger la dur\u00e9e de vie des notes de banque.<\/p>\t\t\t\t\t\t\t\t<\/div>\n\t\t\t\t<\/div>\n\t\t\t\t\t<\/div>\n\t\t<\/div>\n\t\t\t\t\t<\/div>\n\t\t<\/section>\n\t\t\t\t<\/div>\n\t\t","protected":false},"excerpt":{"rendered":"<p>Titre D\u00e9veloppement de techniques de nettoyage chimique innovantes Objectif : Notre projet visait \u00e0 d\u00e9velopper des techniques de nettoyage chimique efficaces et respectueuses de l&#8217;environnement pour diverses applications industrielles. Nous [&hellip;]<\/p>\n","protected":false},"author":2,"featured_media":0,"parent":0,"menu_order":0,"comment_status":"closed","ping_status":"closed","template":"","meta":{"footnotes":""},"class_list":["post-1002","page","type-page","status-publish","hentry"],"_links":{"self":[{"href":"https:\/\/laboratoiretopsecret.pro\/index.php?rest_route=\/wp\/v2\/pages\/1002","targetHints":{"allow":["GET"]}}],"collection":[{"href":"https:\/\/laboratoiretopsecret.pro\/index.php?rest_route=\/wp\/v2\/pages"}],"about":[{"href":"https:\/\/laboratoiretopsecret.pro\/index.php?rest_route=\/wp\/v2\/types\/page"}],"author":[{"embeddable":true,"href":"https:\/\/laboratoiretopsecret.pro\/index.php?rest_route=\/wp\/v2\/users\/2"}],"replies":[{"embeddable":true,"href":"https:\/\/laboratoiretopsecret.pro\/index.php?rest_route=%2Fwp%2Fv2%2Fcomments&post=1002"}],"version-history":[{"count":5,"href":"https:\/\/laboratoiretopsecret.pro\/index.php?rest_route=\/wp\/v2\/pages\/1002\/revisions"}],"predecessor-version":[{"id":1023,"href":"https:\/\/laboratoiretopsecret.pro\/index.php?rest_route=\/wp\/v2\/pages\/1002\/revisions\/1023"}],"wp:attachment":[{"href":"https:\/\/laboratoiretopsecret.pro\/index.php?rest_route=%2Fwp%2Fv2%2Fmedia&parent=1002"}],"curies":[{"name":"wp","href":"https:\/\/api.w.org\/{rel}","templated":true}]}}