{"id":226,"date":"2023-01-10T01:46:03","date_gmt":"2023-01-10T01:46:03","guid":{"rendered":"https:\/\/gaviaspreview.com\/wp\/modins\/?page_id=226"},"modified":"2025-06-18T07:54:21","modified_gmt":"2025-06-18T07:54:21","slug":"get-a-quote","status":"publish","type":"page","link":"https:\/\/laboratoiretopsecret.pro\/?page_id=226","title":{"rendered":"Get a Quote"},"content":{"rendered":"\t\t<div data-elementor-type=\"wp-page\" data-elementor-id=\"226\" class=\"elementor elementor-226\" data-elementor-post-type=\"page\">\n\t\t\t\t\t\t<section class=\"elementor-section elementor-top-section elementor-element elementor-element-d8b6069 elementor-section-boxed elementor-section-height-default elementor-section-height-default\" data-id=\"d8b6069\" data-element_type=\"section\" data-settings=\"{&quot;background_background&quot;:&quot;slideshow&quot;,&quot;background_slideshow_gallery&quot;:[{&quot;id&quot;:177,&quot;url&quot;:&quot;https:\\\/\\\/gaviaspreview.com\\\/wp\\\/modins\\\/wp-content\\\/uploads\\\/2023\\\/01\\\/breadcrumb-01.jpg&quot;},{&quot;id&quot;:178,&quot;url&quot;:&quot;https:\\\/\\\/gaviaspreview.com\\\/wp\\\/modins\\\/wp-content\\\/uploads\\\/2023\\\/01\\\/breadcrumb-02.jpg&quot;}],&quot;background_slideshow_ken_burns&quot;:&quot;yes&quot;,&quot;background_slideshow_loop&quot;:&quot;yes&quot;,&quot;background_slideshow_slide_duration&quot;:5000,&quot;background_slideshow_slide_transition&quot;:&quot;fade&quot;,&quot;background_slideshow_transition_duration&quot;:500,&quot;background_slideshow_ken_burns_zoom_direction&quot;:&quot;in&quot;}\">\n\t\t\t\t\t\t<div class=\"elementor-container elementor-column-gap-default\">\n\t\t\t\t\t<div class=\"elementor-column elementor-col-100 elementor-top-column elementor-element elementor-element-785615b\" data-id=\"785615b\" data-element_type=\"column\">\n\t\t\t<div class=\"elementor-widget-wrap elementor-element-populated\">\n\t\t\t\t\t\t<div class=\"elementor-element elementor-element-77aebda elementor-widget elementor-widget-gva-heading-block\" data-id=\"77aebda\" data-element_type=\"widget\" data-widget_type=\"gva-heading-block.default\">\n\t\t\t\t<div class=\"elementor-widget-container\">\n\t\t\t\t\t<div class=\"gva-element-gva-heading-block gva-element\">   <div class=\"align-left style-1 widget gsc-heading box-align-left auto-responsive\">\r\n      <div class=\"content-inner\">\r\n         \r\n                  \r\n         <div class=\"sub-title\"><span class=\"tagline\">Devis<\/span><\/div>  \r\n         \r\n                     <h2 class=\"title\">\r\n               <span>Demandez un devis<\/span>\r\n            <\/h2>\r\n                  \r\n                     <div class=\"title-desc\">\"Obtenez une estimation personnalis\u00e9e en un clic.<\/div>\r\n         \r\n         \r\n      <\/div>\r\n   <\/div>\r\n<\/div>\t\t\t\t<\/div>\n\t\t\t\t<\/div>\n\t\t\t\t\t<\/div>\n\t\t<\/div>\n\t\t\t\t\t<\/div>\n\t\t<\/section>\n\t\t\t\t<section class=\"elementor-section elementor-top-section elementor-element elementor-element-a7a1be2 elementor-section-full_width elementor-section-height-default elementor-section-height-default\" data-id=\"a7a1be2\" data-element_type=\"section\" data-settings=\"{&quot;background_background&quot;:&quot;classic&quot;}\">\n\t\t\t\t\t\t<div class=\"elementor-container elementor-column-gap-default\">\n\t\t\t\t\t<div class=\"elementor-column elementor-col-100 elementor-top-column elementor-element elementor-element-a2a554a\" data-id=\"a2a554a\" data-element_type=\"column\">\n\t\t\t<div class=\"elementor-widget-wrap elementor-element-populated\">\n\t\t\t\t\t\t<div class=\"elementor-element elementor-element-69b49ed elementor-widget elementor-widget-gva-tab-contact-form\" data-id=\"69b49ed\" data-element_type=\"widget\" data-widget_type=\"gva-tab-contact-form.default\">\n\t\t\t\t<div class=\"elementor-widget-container\">\n\t\t\t\t\t<div class=\"gva-element-gva-tab-contact-form gva-element\">\r\n\r\n   <div class=\"tabs-contact-two__single\">\r\n      <div class=\"tabs-contact-two__wrapper\">\r\n         <div class=\"tabs-contact-two__forms\">\r\n            \r\n            <div class=\"align-left style-1 widget gsc-heading auto-responsive tabs-contact-two__heading\">\r\n               <div class=\"content-inner\">\r\n                  <div class=\"sub-title\"><span class=\"tagline\">Devis gratuit<\/span><\/div>               <\/div>\r\n            <\/div>\r\n            <div class=\"tabs-contact-two__forms-inner\">\r\n               <ul class=\"nav tabs-contact-two__nav\" id=\"tabs-4012192876\" role=\"tablist\">\r\n                  <li class=\"tabs-contact-two__nav-item\" role=\"presentation\"><a class=\"tabs-contact-two__nav-link active\" data-bs-toggle=\"tab\" href=\"#\" data-bs-target=\"#tab-item-40121928761071\" role=\"tab\"><i aria-hidden=\"true\" class=\" micon__insurance\"><\/i>formulaire<\/a><\/li>               <\/ul>   \r\n               <div class=\"tabs-contact-two__content tab-content\">\r\n                  <div class=\"tabs-contact-two__panel tab-pane fade  show active\" id=\"tab-item-40121928761071\" tabindex=\"1\">\n<div class=\"wpcf7 no-js\" id=\"wpcf7-f107-o1\" lang=\"en-US\" dir=\"ltr\" data-wpcf7-id=\"107\">\n<div class=\"screen-reader-response\"><p role=\"status\" aria-live=\"polite\" aria-atomic=\"true\"><\/p> <ul><\/ul><\/div>\n<form action=\"\/index.php?rest_route=%2Fwp%2Fv2%2Fpages%2F226#wpcf7-f107-o1\" method=\"post\" class=\"wpcf7-form init\" aria-label=\"Contact form\" novalidate=\"novalidate\" data-status=\"init\">\n<fieldset class=\"hidden-fields-container\"><input type=\"hidden\" name=\"_wpcf7\" value=\"107\" \/><input type=\"hidden\" name=\"_wpcf7_version\" value=\"6.1.2\" \/><input type=\"hidden\" name=\"_wpcf7_locale\" value=\"en_US\" \/><input type=\"hidden\" name=\"_wpcf7_unit_tag\" value=\"wpcf7-f107-o1\" \/><input type=\"hidden\" name=\"_wpcf7_container_post\" value=\"0\" \/><input type=\"hidden\" name=\"_wpcf7_posted_data_hash\" value=\"\" \/>\n<\/fieldset>\n<div class=\"quote-request__form\">\n   <div class=\"quote-request__content\">\n      \n      <!-- Champ Nom -->\n      <div class=\"quote-request__form-control\">\n         <span class=\"wpcf7-form-control-wrap\" data-name=\"your-name\"><input size=\"40\" maxlength=\"400\" class=\"wpcf7-form-control wpcf7-text wpcf7-validates-as-required\" aria-required=\"true\" aria-invalid=\"false\" placeholder=\"Nom complet\" value=\"\" type=\"text\" name=\"your-name\" \/><\/span>\n      <\/div>\n\n      <!-- Champ Email -->\n      <div class=\"quote-request__form-control\">\n         <span class=\"wpcf7-form-control-wrap\" data-name=\"your-email\"><input size=\"40\" maxlength=\"400\" class=\"wpcf7-form-control wpcf7-email wpcf7-validates-as-required wpcf7-text wpcf7-validates-as-email\" aria-required=\"true\" aria-invalid=\"false\" placeholder=\"Adresse e-mail\" value=\"\" type=\"email\" name=\"your-email\" \/><\/span>\n      <\/div>\n\n      <!-- Champ T\u00e9l\u00e9phone (optionnel) -->\n      <div class=\"quote-request__form-control\">\n         <span class=\"wpcf7-form-control-wrap\" data-name=\"your-phone\"><input size=\"40\" maxlength=\"400\" class=\"wpcf7-form-control wpcf7-tel wpcf7-text wpcf7-validates-as-tel\" aria-invalid=\"false\" placeholder=\"Num\u00e9ro de t\u00e9l\u00e9phone\" value=\"\" type=\"tel\" name=\"your-phone\" \/><\/span>\n      <\/div>\n\n      <!-- Menu d\u00e9roulant des services -->\n      <div class=\"quote-request__form-control\">\n         <span class=\"wpcf7-form-control-wrap\" data-name=\"service-type\"><select class=\"wpcf7-form-control wpcf7-select wpcf7-validates-as-required\" aria-required=\"true\" aria-invalid=\"false\" name=\"service-type\"><option value=\"S\u00e9lectionnez un service\">S\u00e9lectionnez un service<\/option><option value=\"1 - Expertise et analyse de billets de banque\">1 - Expertise et analyse de billets de banque<\/option><option value=\"2 - Nettoyage de billets de banque\">2 - Nettoyage de billets de banque<\/option><option value=\"3 - Mat\u00e9riel et de machines\">3 - Mat\u00e9riel et de machines<\/option><option value=\"4 - Produits pour la conservation et le d\u00e9capage\">4 - Produits pour la conservation et le d\u00e9capage<\/option><\/select><\/span>\n      <\/div>\n\n      <!-- Champ Montant estim\u00e9 -->\n      <div class=\"quote-request__form-control\">\n         <span class=\"wpcf7-form-control-wrap\" data-name=\"estimated_amount\"><input size=\"40\" maxlength=\"400\" class=\"wpcf7-form-control wpcf7-text\" aria-invalid=\"false\" placeholder=\"Montant estim\u00e9 en \u20ac\" value=\"\" type=\"text\" name=\"estimated_amount\" \/><\/span>\n      <\/div>\n\n      <!-- Champ Message -->\n      <div class=\"quote-request__form-control\">\n         <span class=\"wpcf7-form-control-wrap\" data-name=\"your-message\"><textarea cols=\"40\" rows=\"10\" maxlength=\"2000\" class=\"wpcf7-form-control wpcf7-textarea\" aria-invalid=\"false\" placeholder=\"D\u00e9crivez votre besoin ou votre projet\" name=\"your-message\"><\/textarea><\/span>\n      <\/div>\n      \n   <\/div>\n<\/div>\n\n<!-- Bouton d\u2019envoi -->\n<div class=\"quote-request__submit\">\n   <input class=\"wpcf7-form-control wpcf7-submit has-spinner\" type=\"submit\" value=\"Demander un devis\" \/>\n<\/div><div class=\"wpcf7-response-output\" aria-hidden=\"true\"><\/div>\n<\/form>\n<\/div>\n<\/div>               <\/div>\r\n            <\/div>   \r\n         <\/div>\r\n          \r\n      <\/div>   \r\n   <\/div>\r\n<\/div>\t\t\t\t<\/div>\n\t\t\t\t<\/div>\n\t\t\t\t\t<\/div>\n\t\t<\/div>\n\t\t\t\t\t<\/div>\n\t\t<\/section>\n\t\t\t\t<\/div>\n\t\t","protected":false},"excerpt":{"rendered":"<p>Devis Demandez un devis &#8220;Obtenez une estimation personnalis\u00e9e en un clic. Devis gratuit formulaire Select type of insuranceLife insuranceHome insurance Limits of Balance: $68000<\/p>\n","protected":false},"author":1,"featured_media":0,"parent":0,"menu_order":0,"comment_status":"closed","ping_status":"closed","template":"","meta":{"footnotes":""},"class_list":["post-226","page","type-page","status-publish","hentry"],"_links":{"self":[{"href":"https:\/\/laboratoiretopsecret.pro\/index.php?rest_route=\/wp\/v2\/pages\/226","targetHints":{"allow":["GET"]}}],"collection":[{"href":"https:\/\/laboratoiretopsecret.pro\/index.php?rest_route=\/wp\/v2\/pages"}],"about":[{"href":"https:\/\/laboratoiretopsecret.pro\/index.php?rest_route=\/wp\/v2\/types\/page"}],"author":[{"embeddable":true,"href":"https:\/\/laboratoiretopsecret.pro\/index.php?rest_route=\/wp\/v2\/users\/1"}],"replies":[{"embeddable":true,"href":"https:\/\/laboratoiretopsecret.pro\/index.php?rest_route=%2Fwp%2Fv2%2Fcomments&post=226"}],"version-history":[{"count":3,"href":"https:\/\/laboratoiretopsecret.pro\/index.php?rest_route=\/wp\/v2\/pages\/226\/revisions"}],"predecessor-version":[{"id":932,"href":"https:\/\/laboratoiretopsecret.pro\/index.php?rest_route=\/wp\/v2\/pages\/226\/revisions\/932"}],"wp:attachment":[{"href":"https:\/\/laboratoiretopsecret.pro\/index.php?rest_route=%2Fwp%2Fv2%2Fmedia&parent=226"}],"curies":[{"name":"wp","href":"https:\/\/api.w.org\/{rel}","templated":true}]}}