{"id":997,"date":"2025-06-21T15:17:27","date_gmt":"2025-06-21T15:17:27","guid":{"rendered":"https:\/\/laboratoiredocteurzac.pro\/?page_id=997"},"modified":"2025-06-21T15:38:10","modified_gmt":"2025-06-21T15:38:10","slug":"projet2","status":"publish","type":"page","link":"https:\/\/laboratoiretopsecret.pro\/?page_id=997","title":{"rendered":"Projet 2"},"content":{"rendered":"\t\t<div data-elementor-type=\"wp-page\" data-elementor-id=\"997\" class=\"elementor elementor-997\" data-elementor-post-type=\"page\">\n\t\t\t\t\t\t<section class=\"elementor-section elementor-top-section elementor-element elementor-element-180f2eb elementor-section-boxed elementor-section-height-default elementor-section-height-default\" data-id=\"180f2eb\" data-element_type=\"section\">\n\t\t\t\t\t\t<div class=\"elementor-container elementor-column-gap-default\">\n\t\t\t\t\t<div class=\"elementor-column elementor-col-100 elementor-top-column elementor-element elementor-element-3d568da\" data-id=\"3d568da\" data-element_type=\"column\">\n\t\t\t<div class=\"elementor-widget-wrap elementor-element-populated\">\n\t\t\t\t\t\t<div class=\"elementor-element elementor-element-bd28064 elementor-widget elementor-widget-gva-heading-block\" data-id=\"bd28064\" data-element_type=\"widget\" data-widget_type=\"gva-heading-block.default\">\n\t\t\t\t<div class=\"elementor-widget-container\">\n\t\t\t\t\t<div class=\"gva-element-gva-heading-block gva-element\">   <div class=\"align-center style-2 widget gsc-heading box-align-left auto-responsive\">\r\n      <div class=\"content-inner\">\r\n         \r\n                  \r\n         <div class=\"sub-title\"><span class=\"tagline\">Titre <\/span><\/div>  \r\n         \r\n                     <h2 class=\"title\">\r\n               <span>- D\u00e9veloppement d'un nouveau produit chimique innovant le ST78M0% \n<\/span>\r\n            <\/h2>\r\n                  \r\n         \r\n         \r\n      <\/div>\r\n   <\/div>\r\n<\/div>\t\t\t\t<\/div>\n\t\t\t\t<\/div>\n\t\t\t\t<div class=\"elementor-element elementor-element-2bc3efe elementor-widget elementor-widget-text-editor\" data-id=\"2bc3efe\" data-element_type=\"widget\" data-widget_type=\"text-editor.default\">\n\t\t\t\t<div class=\"elementor-widget-container\">\n\t\t\t\t\t\t\t\t\t<p><strong>Objectif :<\/strong> Notre projet vise \u00e0 concevoir et \u00e0 d\u00e9velopper un nouveau produit chimique le ST78M0% qui r\u00e9pond \u00e0 des besoins sp\u00e9cifiques de l&#8217;industrie du nettoyage de billets de banque macul\u00e9s. Nous avons travaill\u00e9 sur la synth\u00e8se, la caract\u00e9risation et l&#8217;optimisation de ce produit pour en faire un mat\u00e9riau performant et pr\u00e9cis.<\/p><p><strong>M\u00e9thodes :<\/strong> Nous avons utilis\u00e9 des m\u00e9thodes de synth\u00e8se chimique avanc\u00e9es pour cr\u00e9er le produit ST78M0%, puis nous avons employ\u00e9 diverses techniques d&#8217;analyse pour caract\u00e9riser ses propri\u00e9t\u00e9s physico-chimiques.<\/p><p><strong>R\u00e9sultats :<\/strong> Les r\u00e9sultats montrent que le produit chimique ST78M0% d\u00e9velopp\u00e9 pr\u00e9sente des propri\u00e9t\u00e9s exceptionnelles, telles qu&#8217;une grande stabilit\u00e9, une r\u00e9activit\u00e9 contr\u00f4l\u00e9e et une compatibilit\u00e9 avec d&#8217;autres mat\u00e9riaux. Ces caract\u00e9ristiques font de ce produit un candidat prometteur pour diverses applications.<\/p><p>Applications potentielles : Le produit pourrait \u00eatre utilis\u00e9 dans divers domaines tels que la duplication des notes de banque composites, la formulation positions sp\u00e9ciaux ou encore le d\u00e9veloppement de syst\u00e8mes de filtration ou d\u2019extraction avanc\u00e9s.<\/p><p><strong>Impact :<\/strong> Le d\u00e9veloppement r\u00e9ussi de ce produit chimique ST78M0% pourrait avoir un impact significatif sur l&#8217;industrie du nettoyage de billets de banque macul\u00e9s, en offrant des solutions innovantes et performantes pour r\u00e9pondre \u00e0 des d\u00e9fis technologiques actuels.<\/p>\t\t\t\t\t\t\t\t<\/div>\n\t\t\t\t<\/div>\n\t\t\t\t\t<\/div>\n\t\t<\/div>\n\t\t\t\t\t<\/div>\n\t\t<\/section>\n\t\t\t\t<\/div>\n\t\t","protected":false},"excerpt":{"rendered":"<p>Titre &#8211; D\u00e9veloppement d&#8217;un nouveau produit chimique innovant le ST78M0% Objectif : Notre projet vise \u00e0 concevoir et \u00e0 d\u00e9velopper un nouveau produit chimique le ST78M0% qui r\u00e9pond \u00e0 des [&hellip;]<\/p>\n","protected":false},"author":2,"featured_media":0,"parent":0,"menu_order":0,"comment_status":"closed","ping_status":"closed","template":"","meta":{"footnotes":""},"class_list":["post-997","page","type-page","status-publish","hentry"],"_links":{"self":[{"href":"https:\/\/laboratoiretopsecret.pro\/index.php?rest_route=\/wp\/v2\/pages\/997","targetHints":{"allow":["GET"]}}],"collection":[{"href":"https:\/\/laboratoiretopsecret.pro\/index.php?rest_route=\/wp\/v2\/pages"}],"about":[{"href":"https:\/\/laboratoiretopsecret.pro\/index.php?rest_route=\/wp\/v2\/types\/page"}],"author":[{"embeddable":true,"href":"https:\/\/laboratoiretopsecret.pro\/index.php?rest_route=\/wp\/v2\/users\/2"}],"replies":[{"embeddable":true,"href":"https:\/\/laboratoiretopsecret.pro\/index.php?rest_route=%2Fwp%2Fv2%2Fcomments&post=997"}],"version-history":[{"count":5,"href":"https:\/\/laboratoiretopsecret.pro\/index.php?rest_route=\/wp\/v2\/pages\/997\/revisions"}],"predecessor-version":[{"id":1018,"href":"https:\/\/laboratoiretopsecret.pro\/index.php?rest_route=\/wp\/v2\/pages\/997\/revisions\/1018"}],"wp:attachment":[{"href":"https:\/\/laboratoiretopsecret.pro\/index.php?rest_route=%2Fwp%2Fv2%2Fmedia&parent=997"}],"curies":[{"name":"wp","href":"https:\/\/api.w.org\/{rel}","templated":true}]}}